{"id":2,"date":"2020-07-25T15:17:53","date_gmt":"2020-07-25T15:17:53","guid":{"rendered":"https:\/\/modatikla.com\/recep\/?page_id=2"},"modified":"2023-02-22T09:58:45","modified_gmt":"2023-02-22T09:58:45","slug":"referanslar","status":"publish","type":"page","link":"https:\/\/realyapidekor.com.tr\/","title":{"rendered":"REFERANSLAR"},"content":{"rendered":"<div id=\"pl-gb2-69e20fe829fab\"  class=\"panel-layout\" ><div id=\"pg-gb2-69e20fe829fab-0\"  class=\"panel-grid panel-no-style\" ><div id=\"pgc-gb2-69e20fe829fab-0-0\"  class=\"panel-grid-cell\" ><div id=\"panel-gb2-69e20fe829fab-0-0-0\" class=\"so-panel widget widget_pw_featured_page widget-featured-page panel-first-child\" data-index=\"0\" >\n\t<div class=\"page-box  page-box--block\">\n\t\t\t\t\t<a class=\"page-box__picture\" href=\"https:\/\/realyapidekor.com.tr\/?page_id=473\">\n\t\t\t\t<img loading=\"lazy\" decoding=\"async\" src=\"https:\/\/realyapidekor.com.tr\/wp-content\/uploads\/2020\/12\/3-360x240.jpg\" width=\"360\" height=\"240\" srcset=\"https:\/\/realyapidekor.com.tr\/wp-content\/uploads\/2020\/12\/3-360x240.jpg 360w, https:\/\/realyapidekor.com.tr\/wp-content\/uploads\/2020\/12\/3.jpg 800w\" sizes=\"auto, (min-width: 1200px) 350px, (min-width: 992px) 284px, (min-width: 768px) 692px, calc(100vw - 30px)\" class=\"wp-post-image\" alt=\"Asma tavan\">\n\t\t\t<\/a>\n\t\t\t\t<div class=\"page-box__content\">\n\t\t\t<h4 class=\"page-box__title\"><a href=\"https:\/\/realyapidekor.com.tr\/?page_id=473\">Asma tavan<\/a><\/h4>\n\t\t\t<p class=\"page-box__text\">Asma tavan<\/p>\n\t\t\t\t\t\t\t<a href=\"https:\/\/realyapidekor.com.tr\/?page_id=473\" class=\"page-box__more-link\">Daha fazla oku<\/a>\n\t\t\t\t\t<\/div>\n\t<\/div>\n\n<\/div><div id=\"panel-gb2-69e20fe829fab-0-0-1\" class=\"so-panel widget widget_pw_featured_page widget-featured-page\" data-index=\"1\" >\n\t<div class=\"page-box  page-box--block\">\n\t\t\t\t\t<a class=\"page-box__picture\" href=\"https:\/\/realyapidekor.com.tr\/?page_id=1186\">\n\t\t\t\t<img loading=\"lazy\" decoding=\"async\" src=\"https:\/\/realyapidekor.com.tr\/wp-content\/uploads\/2020\/12\/98-360x240.jpg\" width=\"360\" height=\"240\" srcset=\"https:\/\/realyapidekor.com.tr\/wp-content\/uploads\/2020\/12\/98-360x240.jpg 360w, https:\/\/realyapidekor.com.tr\/wp-content\/uploads\/2020\/12\/98.jpg 1024w\" sizes=\"auto, (min-width: 1200px) 350px, (min-width: 992px) 284px, (min-width: 768px) 692px, calc(100vw - 30px)\" class=\"wp-post-image\" alt=\"Stropiyer\">\n\t\t\t<\/a>\n\t\t\t\t<div class=\"page-box__content\">\n\t\t\t<h4 class=\"page-box__title\"><a href=\"https:\/\/realyapidekor.com.tr\/?page_id=1186\">Stropiyer<\/a><\/h4>\n\t\t\t<p class=\"page-box__text\">Stropiyer<\/p>\n\t\t\t\t\t\t\t<a href=\"https:\/\/realyapidekor.com.tr\/?page_id=1186\" class=\"page-box__more-link\">Daha fazla oku<\/a>\n\t\t\t\t\t<\/div>\n\t<\/div>\n\n<\/div><div id=\"panel-gb2-69e20fe829fab-0-0-2\" class=\"so-panel widget widget_pw_featured_page widget-featured-page\" data-index=\"2\" >\n\t<div class=\"page-box  page-box--block\">\n\t\t\t\t\t<a class=\"page-box__picture\" href=\"https:\/\/realyapidekor.com.tr\/?page_id=1536\">\n\t\t\t\t<img loading=\"lazy\" decoding=\"async\" src=\"https:\/\/realyapidekor.com.tr\/wp-content\/uploads\/2020\/12\/23-360x240.jpg\" width=\"360\" height=\"240\" srcset=\"https:\/\/realyapidekor.com.tr\/wp-content\/uploads\/2020\/12\/23-360x240.jpg 360w, https:\/\/realyapidekor.com.tr\/wp-content\/uploads\/2020\/12\/23.jpg 625w\" sizes=\"auto, (min-width: 1200px) 350px, (min-width: 992px) 284px, (min-width: 768px) 692px, calc(100vw - 30px)\" class=\"wp-post-image\" alt=\"Asma Kat\">\n\t\t\t<\/a>\n\t\t\t\t<div class=\"page-box__content\">\n\t\t\t<h4 class=\"page-box__title\"><a href=\"https:\/\/realyapidekor.com.tr\/?page_id=1536\">Asma Kat<\/a><\/h4>\n\t\t\t<p class=\"page-box__text\">Asma Kat<\/p>\n\t\t\t\t\t\t\t<a href=\"https:\/\/realyapidekor.com.tr\/?page_id=1536\" class=\"page-box__more-link\">Daha fazla oku<\/a>\n\t\t\t\t\t<\/div>\n\t<\/div>\n\n<\/div><div id=\"panel-gb2-69e20fe829fab-0-0-3\" class=\"so-panel widget widget_pw_featured_page widget-featured-page panel-last-child\" data-index=\"3\" >\n\t<div class=\"page-box  page-box--block\">\n\t\t\t\t\t<a class=\"page-box__picture\" href=\"https:\/\/realyapidekor.com.tr\/?page_id=1543\">\n\t\t\t\t<img loading=\"lazy\" decoding=\"async\" src=\"https:\/\/realyapidekor.com.tr\/wp-content\/uploads\/2020\/12\/89-360x240.jpg\" width=\"360\" height=\"240\" srcset=\"https:\/\/realyapidekor.com.tr\/wp-content\/uploads\/2020\/12\/89-360x240.jpg 360w, https:\/\/realyapidekor.com.tr\/wp-content\/uploads\/2020\/12\/89.jpg 960w\" sizes=\"auto, (min-width: 1200px) 350px, (min-width: 992px) 284px, (min-width: 768px) 692px, calc(100vw - 30px)\" class=\"wp-post-image\" alt=\"Karopan tavan\">\n\t\t\t<\/a>\n\t\t\t\t<div class=\"page-box__content\">\n\t\t\t<h4 class=\"page-box__title\"><a href=\"https:\/\/realyapidekor.com.tr\/?page_id=1543\">Karopan tavan<\/a><\/h4>\n\t\t\t<p class=\"page-box__text\">Stropiyer<\/p>\n\t\t\t\t\t\t\t<a href=\"https:\/\/realyapidekor.com.tr\/?page_id=1543\" class=\"page-box__more-link\">Daha fazla oku<\/a>\n\t\t\t\t\t<\/div>\n\t<\/div>\n\n<\/div><\/div><div id=\"pgc-gb2-69e20fe829fab-0-1\"  class=\"panel-grid-cell\" ><div id=\"panel-gb2-69e20fe829fab-0-1-0\" class=\"so-panel widget widget_pw_featured_page widget-featured-page panel-first-child\" data-index=\"4\" >\n\t<div class=\"page-box  page-box--block\">\n\t\t\t\t\t<a class=\"page-box__picture\" href=\"https:\/\/realyapidekor.com.tr\/?page_id=1546\">\n\t\t\t\t<img loading=\"lazy\" decoding=\"async\" src=\"https:\/\/realyapidekor.com.tr\/wp-content\/uploads\/2023\/02\/8-360x240.jpg\" width=\"360\" height=\"240\" srcset=\"https:\/\/realyapidekor.com.tr\/wp-content\/uploads\/2023\/02\/8-360x240.jpg 360w, https:\/\/realyapidekor.com.tr\/wp-content\/uploads\/2023\/02\/8.jpg 720w\" sizes=\"auto, (min-width: 1200px) 350px, (min-width: 992px) 284px, (min-width: 768px) 692px, calc(100vw - 30px)\" class=\"wp-post-image\" alt=\"TV Ni\u015f \u00dcnitesi\">\n\t\t\t<\/a>\n\t\t\t\t<div class=\"page-box__content\">\n\t\t\t<h4 class=\"page-box__title\"><a href=\"https:\/\/realyapidekor.com.tr\/?page_id=1546\">TV Ni\u015f \u00dcnitesi<\/a><\/h4>\n\t\t\t<p class=\"page-box__text\">Poli\u00fcretan K\u00f6p\u00fck<\/p>\n\t\t\t\t\t\t\t<a href=\"https:\/\/realyapidekor.com.tr\/?page_id=1546\" class=\"page-box__more-link\">Daha fazla oku<\/a>\n\t\t\t\t\t<\/div>\n\t<\/div>\n\n<\/div><div id=\"panel-gb2-69e20fe829fab-0-1-1\" class=\"so-panel widget widget_pw_featured_page widget-featured-page\" data-index=\"5\" >\n\t<div class=\"page-box  page-box--block\">\n\t\t\t\t\t<a class=\"page-box__picture\" href=\"https:\/\/realyapidekor.com.tr\/?page_id=479\">\n\t\t\t\t<img loading=\"lazy\" decoding=\"async\" src=\"https:\/\/realyapidekor.com.tr\/wp-content\/uploads\/2020\/12\/6-360x240.jpg\" width=\"360\" height=\"240\" srcset=\"https:\/\/realyapidekor.com.tr\/wp-content\/uploads\/2020\/12\/6-360x240.jpg 360w, https:\/\/realyapidekor.com.tr\/wp-content\/uploads\/2020\/12\/6.jpg 1098w\" sizes=\"auto, (min-width: 1200px) 350px, (min-width: 992px) 284px, (min-width: 768px) 692px, calc(100vw - 30px)\" class=\"wp-post-image\" alt=\"I\u015f\u0131k band\u0131\">\n\t\t\t<\/a>\n\t\t\t\t<div class=\"page-box__content\">\n\t\t\t<h4 class=\"page-box__title\"><a href=\"https:\/\/realyapidekor.com.tr\/?page_id=479\">I\u015f\u0131k band\u0131<\/a><\/h4>\n\t\t\t<p class=\"page-box__text\">I\u015f\u0131k band\u0131<\/p>\n\t\t\t\t\t\t\t<a href=\"https:\/\/realyapidekor.com.tr\/?page_id=479\" class=\"page-box__more-link\">Daha fazla oku<\/a>\n\t\t\t\t\t<\/div>\n\t<\/div>\n\n<\/div><div id=\"panel-gb2-69e20fe829fab-0-1-2\" class=\"so-panel widget widget_pw_featured_page widget-featured-page\" data-index=\"6\" >\n\t<div class=\"page-box  page-box--block\">\n\t\t\t\t\t<a class=\"page-box__picture\" href=\"https:\/\/realyapidekor.com.tr\/?page_id=1525\">\n\t\t\t\t<img loading=\"lazy\" decoding=\"async\" src=\"https:\/\/realyapidekor.com.tr\/wp-content\/uploads\/2020\/12\/4-1-360x240.jpg\" width=\"360\" height=\"240\" srcset=\"https:\/\/realyapidekor.com.tr\/wp-content\/uploads\/2020\/12\/4-1-360x240.jpg 360w, https:\/\/realyapidekor.com.tr\/wp-content\/uploads\/2020\/12\/4-1.jpg 1024w\" sizes=\"auto, (min-width: 1200px) 350px, (min-width: 992px) 284px, (min-width: 768px) 692px, calc(100vw - 30px)\" class=\"wp-post-image\" alt=\"Clipin Tavan\">\n\t\t\t<\/a>\n\t\t\t\t<div class=\"page-box__content\">\n\t\t\t<h4 class=\"page-box__title\"><a href=\"https:\/\/realyapidekor.com.tr\/?page_id=1525\">Clipin Tavan<\/a><\/h4>\n\t\t\t<p class=\"page-box__text\">Clipin Tavan<\/p>\n\t\t\t\t\t\t\t<a href=\"https:\/\/realyapidekor.com.tr\/?page_id=1525\" class=\"page-box__more-link\">Daha fazla oku<\/a>\n\t\t\t\t\t<\/div>\n\t<\/div>\n\n<\/div><div id=\"panel-gb2-69e20fe829fab-0-1-3\" class=\"so-panel widget widget_pw_featured_page widget-featured-page panel-last-child\" data-index=\"7\" >\n\t<div class=\"page-box  page-box--block\">\n\t\t\t\t\t<a class=\"page-box__picture\" href=\"https:\/\/realyapidekor.com.tr\/?page_id=477\">\n\t\t\t\t<img loading=\"lazy\" decoding=\"async\" src=\"https:\/\/realyapidekor.com.tr\/wp-content\/uploads\/2020\/12\/67-360x240.jpg\" width=\"360\" height=\"240\" srcset=\"https:\/\/realyapidekor.com.tr\/wp-content\/uploads\/2020\/12\/67-360x240.jpg 360w, https:\/\/realyapidekor.com.tr\/wp-content\/uploads\/2020\/12\/67.jpg 640w\" sizes=\"auto, (min-width: 1200px) 350px, (min-width: 992px) 284px, (min-width: 768px) 692px, calc(100vw - 30px)\" class=\"wp-post-image\" alt=\"Metal tavan\">\n\t\t\t<\/a>\n\t\t\t\t<div class=\"page-box__content\">\n\t\t\t<h4 class=\"page-box__title\"><a href=\"https:\/\/realyapidekor.com.tr\/?page_id=477\">Metal tavan<\/a><\/h4>\n\t\t\t<p class=\"page-box__text\">Clipin Tavan<\/p>\n\t\t\t\t\t\t\t<a href=\"https:\/\/realyapidekor.com.tr\/?page_id=477\" class=\"page-box__more-link\">Daha fazla oku<\/a>\n\t\t\t\t\t<\/div>\n\t<\/div>\n\n<\/div><\/div><div id=\"pgc-gb2-69e20fe829fab-0-2\"  class=\"panel-grid-cell\" ><div id=\"panel-gb2-69e20fe829fab-0-2-0\" class=\"so-panel widget widget_pw_featured_page widget-featured-page panel-first-child\" data-index=\"8\" >\n\t<div class=\"page-box  page-box--block\">\n\t\t\t\t\t<a class=\"page-box__picture\" href=\"https:\/\/realyapidekor.com.tr\/?page_id=479\">\n\t\t\t\t<img loading=\"lazy\" decoding=\"async\" src=\"https:\/\/realyapidekor.com.tr\/wp-content\/uploads\/2020\/12\/6-360x240.jpg\" width=\"360\" height=\"240\" srcset=\"https:\/\/realyapidekor.com.tr\/wp-content\/uploads\/2020\/12\/6-360x240.jpg 360w, https:\/\/realyapidekor.com.tr\/wp-content\/uploads\/2020\/12\/6.jpg 1098w\" sizes=\"auto, (min-width: 1200px) 350px, (min-width: 992px) 284px, (min-width: 768px) 692px, calc(100vw - 30px)\" class=\"wp-post-image\" alt=\"I\u015f\u0131k band\u0131\">\n\t\t\t<\/a>\n\t\t\t\t<div class=\"page-box__content\">\n\t\t\t<h4 class=\"page-box__title\"><a href=\"https:\/\/realyapidekor.com.tr\/?page_id=479\">I\u015f\u0131k band\u0131<\/a><\/h4>\n\t\t\t<p class=\"page-box__text\">I\u015f\u0131k band\u0131<\/p>\n\t\t\t\t\t\t\t<a href=\"https:\/\/realyapidekor.com.tr\/?page_id=479\" class=\"page-box__more-link\">Daha fazla oku<\/a>\n\t\t\t\t\t<\/div>\n\t<\/div>\n\n<\/div><div id=\"panel-gb2-69e20fe829fab-0-2-1\" class=\"so-panel widget widget_pw_featured_page widget-featured-page\" data-index=\"9\" >\n\t<div class=\"page-box  page-box--block\">\n\t\t\t\t\t<a class=\"page-box__picture\" href=\"https:\/\/realyapidekor.com.tr\/?page_id=1178\">\n\t\t\t\t<img loading=\"lazy\" decoding=\"async\" src=\"https:\/\/realyapidekor.com.tr\/wp-content\/uploads\/2020\/12\/45-360x240.jpg\" width=\"360\" height=\"240\" srcset=\"https:\/\/realyapidekor.com.tr\/wp-content\/uploads\/2020\/12\/45-360x240.jpg 360w, https:\/\/realyapidekor.com.tr\/wp-content\/uploads\/2020\/12\/45.jpg 800w\" sizes=\"auto, (min-width: 1200px) 350px, (min-width: 992px) 284px, (min-width: 768px) 692px, calc(100vw - 30px)\" class=\"wp-post-image\" alt=\"Petek Tavan\">\n\t\t\t<\/a>\n\t\t\t\t<div class=\"page-box__content\">\n\t\t\t<h4 class=\"page-box__title\"><a href=\"https:\/\/realyapidekor.com.tr\/?page_id=1178\">Petek Tavan<\/a><\/h4>\n\t\t\t<p class=\"page-box__text\">Asma Kat<\/p>\n\t\t\t\t\t\t\t<a href=\"https:\/\/realyapidekor.com.tr\/?page_id=1178\" class=\"page-box__more-link\">Daha fazla oku<\/a>\n\t\t\t\t\t<\/div>\n\t<\/div>\n\n<\/div><div id=\"panel-gb2-69e20fe829fab-0-2-2\" class=\"so-panel widget widget_pw_featured_page widget-featured-page\" data-index=\"10\" >\n\t<div class=\"page-box  page-box--block\">\n\t\t\t\t\t<a class=\"page-box__picture\" href=\"https:\/\/realyapidekor.com.tr\/?page_id=475\">\n\t\t\t\t<img loading=\"lazy\" decoding=\"async\" src=\"https:\/\/realyapidekor.com.tr\/wp-content\/uploads\/2023\/02\/65.jpg\" width=\"255\" height=\"170\" srcset=\"https:\/\/realyapidekor.com.tr\/wp-content\/uploads\/2023\/02\/65.jpg 255w, https:\/\/realyapidekor.com.tr\/wp-content\/uploads\/2023\/02\/65.jpg 255w\" sizes=\"auto, (min-width: 1200px) 350px, (min-width: 992px) 284px, (min-width: 768px) 692px, calc(100vw - 30px)\" class=\"wp-post-image\" alt=\"Poli\u00fcretan \u00c7\u0131ta\">\n\t\t\t<\/a>\n\t\t\t\t<div class=\"page-box__content\">\n\t\t\t<h4 class=\"page-box__title\"><a href=\"https:\/\/realyapidekor.com.tr\/?page_id=475\">Poli\u00fcretan \u00c7\u0131ta<\/a><\/h4>\n\t\t\t<p class=\"page-box__text\">Ah\u015fap G\u00f6r\u00fcn\u00fcml\u00fc Tavan<\/p>\n\t\t\t\t\t\t\t<a href=\"https:\/\/realyapidekor.com.tr\/?page_id=475\" class=\"page-box__more-link\">Daha fazla oku<\/a>\n\t\t\t\t\t<\/div>\n\t<\/div>\n\n<\/div><div id=\"panel-gb2-69e20fe829fab-0-2-3\" class=\"so-panel widget widget_pw_featured_page widget-featured-page panel-last-child\" data-index=\"11\" >\n\t<div class=\"page-box  page-box--block\">\n\t\t\t\t\t<a class=\"page-box__picture\" href=\"https:\/\/realyapidekor.com.tr\/?page_id=1541\">\n\t\t\t\t<img loading=\"lazy\" decoding=\"async\" src=\"https:\/\/realyapidekor.com.tr\/wp-content\/uploads\/2020\/12\/55-360x240.png\" width=\"360\" height=\"240\" srcset=\"https:\/\/realyapidekor.com.tr\/wp-content\/uploads\/2020\/12\/55-360x240.png 360w, https:\/\/realyapidekor.com.tr\/wp-content\/uploads\/2020\/12\/55.png 541w\" sizes=\"auto, (min-width: 1200px) 350px, (min-width: 992px) 284px, (min-width: 768px) 692px, calc(100vw - 30px)\" class=\"wp-post-image\" alt=\"Ta\u015fy\u00fcn\u00fc Asma Tavan\">\n\t\t\t<\/a>\n\t\t\t\t<div class=\"page-box__content\">\n\t\t\t<h4 class=\"page-box__title\"><a href=\"https:\/\/realyapidekor.com.tr\/?page_id=1541\">Ta\u015fy\u00fcn\u00fc Asma Tavan<\/a><\/h4>\n\t\t\t<p class=\"page-box__text\">Clipin Tavan<\/p>\n\t\t\t\t\t\t\t<a href=\"https:\/\/realyapidekor.com.tr\/?page_id=1541\" class=\"page-box__more-link\">Daha fazla oku<\/a>\n\t\t\t\t\t<\/div>\n\t<\/div>\n\n<\/div><\/div><div id=\"pgc-gb2-69e20fe829fab-0-3\"  class=\"panel-grid-cell\" ><div id=\"panel-gb2-69e20fe829fab-0-3-0\" class=\"so-panel widget widget_pw_featured_page widget-featured-page panel-first-child\" data-index=\"12\" >\n\t<div class=\"page-box  page-box--block\">\n\t\t\t\t\t<a class=\"page-box__picture\" href=\"https:\/\/realyapidekor.com.tr\/?page_id=484\">\n\t\t\t\t<img loading=\"lazy\" decoding=\"async\" src=\"https:\/\/realyapidekor.com.tr\/wp-content\/uploads\/2020\/12\/9-360x240.jpg\" width=\"360\" height=\"240\" srcset=\"https:\/\/realyapidekor.com.tr\/wp-content\/uploads\/2020\/12\/9-360x240.jpg 360w, https:\/\/realyapidekor.com.tr\/wp-content\/uploads\/2020\/12\/9.jpg 800w\" sizes=\"auto, (min-width: 1200px) 350px, (min-width: 992px) 284px, (min-width: 768px) 692px, calc(100vw - 30px)\" class=\"wp-post-image\" alt=\"B\u00f6lme duvar\">\n\t\t\t<\/a>\n\t\t\t\t<div class=\"page-box__content\">\n\t\t\t<h4 class=\"page-box__title\"><a href=\"https:\/\/realyapidekor.com.tr\/?page_id=484\">B\u00f6lme duvar<\/a><\/h4>\n\t\t\t<p class=\"page-box__text\">B\u00f6lme duvar<\/p>\n\t\t\t\t\t\t\t<a href=\"https:\/\/realyapidekor.com.tr\/?page_id=484\" class=\"page-box__more-link\">Daha fazla oku<\/a>\n\t\t\t\t\t<\/div>\n\t<\/div>\n\n<\/div><div id=\"panel-gb2-69e20fe829fab-0-3-1\" class=\"so-panel widget widget_pw_featured_page widget-featured-page\" data-index=\"13\" >\n\t<div class=\"page-box  page-box--block\">\n\t\t\t\t\t<a class=\"page-box__picture\" href=\"https:\/\/realyapidekor.com.tr\/?page_id=477\">\n\t\t\t\t<img loading=\"lazy\" decoding=\"async\" src=\"https:\/\/realyapidekor.com.tr\/wp-content\/uploads\/2020\/12\/67-360x240.jpg\" width=\"360\" height=\"240\" srcset=\"https:\/\/realyapidekor.com.tr\/wp-content\/uploads\/2020\/12\/67-360x240.jpg 360w, https:\/\/realyapidekor.com.tr\/wp-content\/uploads\/2020\/12\/67.jpg 640w\" sizes=\"auto, (min-width: 1200px) 350px, (min-width: 992px) 284px, (min-width: 768px) 692px, calc(100vw - 30px)\" class=\"wp-post-image\" alt=\"Metal tavan\">\n\t\t\t<\/a>\n\t\t\t\t<div class=\"page-box__content\">\n\t\t\t<h4 class=\"page-box__title\"><a href=\"https:\/\/realyapidekor.com.tr\/?page_id=477\">Metal tavan<\/a><\/h4>\n\t\t\t<p class=\"page-box__text\">Clipin Tavan<\/p>\n\t\t\t\t\t\t\t<a href=\"https:\/\/realyapidekor.com.tr\/?page_id=477\" class=\"page-box__more-link\">Daha fazla oku<\/a>\n\t\t\t\t\t<\/div>\n\t<\/div>\n\n<\/div><div id=\"panel-gb2-69e20fe829fab-0-3-2\" class=\"so-panel widget widget_pw_featured_page widget-featured-page\" data-index=\"14\" >\n\t<div class=\"page-box  page-box--block\">\n\t\t\t\t\t<a class=\"page-box__picture\" href=\"https:\/\/realyapidekor.com.tr\/?page_id=1703\">\n\t\t\t\t<img loading=\"lazy\" decoding=\"async\" src=\"https:\/\/realyapidekor.com.tr\/wp-content\/uploads\/2023\/02\/1.jpg\" width=\"255\" height=\"170\" srcset=\"https:\/\/realyapidekor.com.tr\/wp-content\/uploads\/2023\/02\/1.jpg 255w, https:\/\/realyapidekor.com.tr\/wp-content\/uploads\/2023\/02\/1.jpg 255w\" sizes=\"auto, (min-width: 1200px) 350px, (min-width: 992px) 284px, (min-width: 768px) 692px, calc(100vw - 30px)\" class=\"wp-post-image\" alt=\"Polimer \u00c7\u0131ta\">\n\t\t\t<\/a>\n\t\t\t\t<div class=\"page-box__content\">\n\t\t\t<h4 class=\"page-box__title\"><a href=\"https:\/\/realyapidekor.com.tr\/?page_id=1703\">Polimer \u00c7\u0131ta<\/a><\/h4>\n\t\t\t<p class=\"page-box__text\">Polimer \u00c7\u0131ta<\/p>\n\t\t\t\t\t\t\t<a href=\"https:\/\/realyapidekor.com.tr\/?page_id=1703\" class=\"page-box__more-link\">Daha fazla oku<\/a>\n\t\t\t\t\t<\/div>\n\t<\/div>\n\n<\/div><div id=\"panel-gb2-69e20fe829fab-0-3-3\" class=\"so-panel widget widget_pw_featured_page widget-featured-page panel-last-child\" data-index=\"15\" >\n\t<div class=\"page-box  page-box--block\">\n\t\t\t\t\t<a class=\"page-box__picture\" href=\"https:\/\/realyapidekor.com.tr\/?page_id=482\">\n\t\t\t\t<img loading=\"lazy\" decoding=\"async\" src=\"https:\/\/realyapidekor.com.tr\/wp-content\/uploads\/2020\/12\/44-360x240.jpg\" width=\"360\" height=\"240\" srcset=\"https:\/\/realyapidekor.com.tr\/wp-content\/uploads\/2020\/12\/44-360x240.jpg 360w, https:\/\/realyapidekor.com.tr\/wp-content\/uploads\/2020\/12\/44.jpg 680w\" sizes=\"auto, (min-width: 1200px) 350px, (min-width: 992px) 284px, (min-width: 768px) 692px, calc(100vw - 30px)\" class=\"wp-post-image\" alt=\"Gizli \u0131\u015f\u0131k\">\n\t\t\t<\/a>\n\t\t\t\t<div class=\"page-box__content\">\n\t\t\t<h4 class=\"page-box__title\"><a href=\"https:\/\/realyapidekor.com.tr\/?page_id=482\">Gizli \u0131\u015f\u0131k<\/a><\/h4>\n\t\t\t<p class=\"page-box__text\">Gizli \u0131\u015f\u0131k<\/p>\n\t\t\t\t\t\t\t<a href=\"https:\/\/realyapidekor.com.tr\/?page_id=482\" class=\"page-box__more-link\">Daha fazla oku<\/a>\n\t\t\t\t\t<\/div>\n\t<\/div>\n\n<\/div><\/div><\/div><\/div>\n\n\n<div class=\"wp-block-columns is-layout-flex wp-container-core-columns-is-layout-9d6595d7 wp-block-columns-is-layout-flex\">\n<div class=\"wp-block-column is-layout-flow wp-block-column-is-layout-flow\" style=\"flex-basis:70%\">\n<p><\/p>\n<\/div>\n\n\n\n<div class=\"wp-block-column is-layout-flow wp-block-column-is-layout-flow\" style=\"flex-basis:30%\"><\/div>\n<\/div>\n","protected":false},"excerpt":{"rendered":"","protected":false},"author":1,"featured_media":0,"parent":0,"menu_order":0,"comment_status":"closed","ping_status":"closed","template":"template-front-page-slider.php","meta":{"_acf_changed":false,"_monsterinsights_skip_tracking":false,"_monsterinsights_sitenote_active":false,"_monsterinsights_sitenote_note":"","_monsterinsights_sitenote_category":0,"footnotes":""},"class_list":["post-2","page","type-page","status-publish","hentry"],"acf":[],"aioseo_notices":[],"_links":{"self":[{"href":"https:\/\/realyapidekor.com.tr\/index.php?rest_route=\/wp\/v2\/pages\/2","targetHints":{"allow":["GET"]}}],"collection":[{"href":"https:\/\/realyapidekor.com.tr\/index.php?rest_route=\/wp\/v2\/pages"}],"about":[{"href":"https:\/\/realyapidekor.com.tr\/index.php?rest_route=\/wp\/v2\/types\/page"}],"author":[{"embeddable":true,"href":"https:\/\/realyapidekor.com.tr\/index.php?rest_route=\/wp\/v2\/users\/1"}],"replies":[{"embeddable":true,"href":"https:\/\/realyapidekor.com.tr\/index.php?rest_route=%2Fwp%2Fv2%2Fcomments&post=2"}],"version-history":[{"count":59,"href":"https:\/\/realyapidekor.com.tr\/index.php?rest_route=\/wp\/v2\/pages\/2\/revisions"}],"predecessor-version":[{"id":1715,"href":"https:\/\/realyapidekor.com.tr\/index.php?rest_route=\/wp\/v2\/pages\/2\/revisions\/1715"}],"wp:attachment":[{"href":"https:\/\/realyapidekor.com.tr\/index.php?rest_route=%2Fwp%2Fv2%2Fmedia&parent=2"}],"curies":[{"name":"wp","href":"https:\/\/api.w.org\/{rel}","templated":true}]}}